{"id":1088,"date":"2020-08-28T11:16:52","date_gmt":"2020-08-28T11:16:52","guid":{"rendered":"https:\/\/www.as-i.pl\/?page_id=1088"},"modified":"2020-08-29T13:15:59","modified_gmt":"2020-08-29T13:15:59","slug":"polityka-prywatnosci","status":"publish","type":"page","link":"https:\/\/www.as-i.pl\/index.php\/polityka-prywatnosci\/","title":{"rendered":"Polityka Prywatno\u015bci"},"content":{"rendered":"\n<p><\/p>\n\n\n\n<p style=\"text-align: justify;\"><span style=\"color: #000000;\">Serwis www.as-i.pl traktuje powa\u017cnie prywatno\u015b\u0107 swoich u\u017cytkownik\u00f3w i odwiedzaj\u0105cych. Jeste\u015bmy zobowi\u0105zani do ochrony prywatno\u015bci naszych u\u017cytkownik\u00f3w przy jednoczesnym \u015bwiadczeniu spersonalizowanych i warto\u015bciowych us\u0142ug. Niniejsze o\u015bwiadczenie o Polityce Prywatno\u015bci wyja\u015bnia praktyki www.as-i.pl w zakresie przetwarzania danych. Je\u015bli masz jakiekolwiek pytania dotycz\u0105ce Twoich danych osobowych lub jakiekolwiek pytania w zwi\u0105zku z tymi praktykami, prosimy o kontakt.<\/span><\/p>\n\n\n\n<p style=\"text-align: justify;\"><span style=\"color: #000000;\">Nasza strona zawiera odno\u015bniki do stron podmiot\u00f3w trzecich, kt\u00f3re nie podlegaj\u0105 niniejszej polityce prywatno\u015bci. Zalecane jest zapoznanie si\u0119 z polityk\u0105 prywatno\u015bci ka\u017cdej ze stron, kt\u00f3r\u0105 Pa\u0144stwo odwiedzaj\u0105.<\/span><\/p>\n\n\n\n<hr class=\"wp-block-separator is-style-dots\"\/>\n\n\n\n<h2 class=\"wp-block-heading\"><strong>Zbierane informacje<\/strong><\/h2>\n\n\n\n<p style=\"text-align: justify;\"><span style=\"color: #000000;\">Dane osobowe zbierane przez serwis www.as-i.pl i dobrowolnie przez Pa\u0144stwa udost\u0119pniane. s\u0105 wy\u0142\u0105cznie na rzecz www.as-i.pl i firmy Newtech Engineering, z kt\u00f3r\u0105 wsp\u00f3\u0142pracujemy celem zapewnienia maksymalnej efektywno\u015bci proponowanych us\u0142ug.<\/span><\/p>\n\n\n\n<p class=\"has-black-color has-text-color\">Informacje s\u0105 zbierane w nast\u0119puj\u0105cych przypadkach<\/p>\n\n\n\n<p class=\"has-black-color has-text-color\"><strong>skorzystania z formularzu kontaktowego naszej strony;<br>przekazanie nam danych w wiadomo\u015bci email;<br>przekazanie nam danych w rozmowie telefonicznej;<\/strong><\/p>\n\n\n\n<p class=\"has-black-color has-text-color\">Dane jakie s\u0105 z regu\u0142y zapisywane:<\/p>\n\n\n\n<p class=\"has-black-color has-text-color\"><strong>Imi\u0119 i nazwisko<br>Nazwa firmy<br>Adres firmy, numer telefonu<br>Numer telefonu kom\u00f3rkowego<br>Adres e-mail<\/strong><\/p>\n\n\n\n<hr class=\"wp-block-separator is-style-dots\"\/>\n\n\n\n<h2 class=\"wp-block-heading\">Korzystanie i ujawnianie danych osobowych<\/h2>\n\n\n\n<p class=\"has-black-color has-text-color\"><br>U\u017cywamy Pa\u0144stwa danych do cel\u00f3w, kt\u00f3re mog\u0105 obejmowa\u0107:<\/p>\n\n\n\n<ul>\n<li><span style=\"color: #000000;\"><strong>przeprowadzanie bada\u0144 rynkowych<\/strong><\/span><\/li>\n<li style=\"text-align: justify;\"><span style=\"color: #000000;\"><strong>dostarczanie Pa\u0144stwu informacji o oferowanych przez nas produktach i us\u0142ugach (je\u015bli wyra\u017caj\u0105 Pa\u0144stwo zgod\u0119 na otrzymywanie takich informacji)<\/strong><\/span><\/li>\n<li style=\"text-align: justify;\"><span style=\"color: #000000;\"><strong>udost\u0119pnianie danych organizacjom zewn\u0119trznym, kt\u00f3re oferuj\u0105 produkty lub us\u0142ugi, kt\u00f3re w naszym odczuciu mog\u0105 by\u0107 dla u\u017cytkownika interesuj\u0105ce (pod warunkiem, \u017ce u\u017cytkownik wyrazi zgod\u0119 na otrzymywanie takich informacji)<\/strong><\/span><\/li>\n<\/ul>\n<p style=\"text-align: justify;\"><span style=\"color: #000000;\">Je\u015bli u\u017cytkownik nie chce otrzymywa\u0107 informacji o produktach lub us\u0142ugach serwisu www.as-i.pl i naszych partner\u00f3w proszony jest o wskazanie swoich preferencji za pomoc\u0105 wiadomo\u015bci email. Nie jest naszym zamierzeniem udost\u0119pnianie jakichkolwiek danych firmom marketingowym.&nbsp;<\/span><\/p>\n\n\n\n<hr class=\"wp-block-separator is-style-dots\"\/>\n\n\n\n<h2 class=\"wp-block-heading\">Korzystanie z plik\u00f3w cookie i innych element\u00f3w \u015bledz\u0105cych<\/h2>\n\n\n\n<p style=\"text-align: justify;\"><span style=\"color: #000000;\">Wykorzystanie plik\u00f3w cookie, ma na celu pomoc w spersonalizowaniu korzystania z naszych stron. Plik cookie to niewielka informacja, kt\u00f3ra jest wysy\u0142ana na dysk twardy komputera przez serwer WWW, aby strona mog\u0142a zapami\u0119ta\u0107, kim dany u\u017cytkownik jest. Informacje te mog\u0105 zawiera\u0107 informacje zwi\u0105zane z korzystaniem z naszych stron, informacje o Twoim komputerze, takie jak adres IP komputera i typ przegl\u0105darki, dane demograficzne oraz, je\u015bli dotar\u0142e\u015b na nasz\u0105 stron\u0119 poprzez link ze strony os\u00f3b trzecich, adres URL strony, do kt\u00f3rej prowadzi link. Je\u015bli jeste\u015b zarejestrowanym u\u017cytkownikiem, mo\u017ce to obejmowa\u0107 Twoje imi\u0119 i nazwisko oraz adres e-mail, kt\u00f3re mog\u0105 by\u0107 przekazywane do procesor\u00f3w danych w celu weryfikacji zarejestrowanego u\u017cytkownika. U\u017cywamy informacji z plik\u00f3w cookie do cel\u00f3w, kt\u00f3re mog\u0105 obejmowa\u0107:<\/span><\/p>\n\n\n\n<ul>\n<li style=\"text-align: justify;\"><span style=\"color: #000000;\">identyfikacj\u0119 powracaj\u0105cych u\u017cytkownik\u00f3w, rejestruj\u0105cych si\u0119 i subskrybent\u00f3w oraz w celu umo\u017cliwienia zaprezentowania subskrybentom spersonalizowanej wersji strony<\/span><\/li>\n<li style=\"text-align: justify;\"><span style=\"color: #000000;\">eliminacja konieczno\u015bci ponownego wprowadzania danych do logowania przez powracaj\u0105cych u\u017cytkownik\u00f3w&nbsp;umo\u017cliwiaj\u0105c Ci \u0142atwiejsze poruszanie si\u0119 po naszej stronie<\/span><\/li>\n<li style=\"text-align: justify;\"><span style=\"color: #000000;\">\u015bledzenie korzystania z naszej strony w celu lepszego rozwoju naszych stron zgodnie z Pa\u0144stwa wymaganiami&nbsp;budowanie profilu demograficznego<\/span><\/li>\n<\/ul>\n<p style=\"text-align: justify;\"><span style=\"color: #000000;\">W ka\u017cdej chwili mo\u017cna usun\u0105\u0107 pliki cookie z dysku twardego, jednak oznacza to, \u017ce wszelkie ustawienia, takie jak zapisana nazwa u\u017cytkownika i has\u0142o, b\u0119d\u0105 musia\u0142y zosta\u0107 ponownie wprowadzone. Mo\u017cesz tak ustawi\u0107 swoj\u0105 przegl\u0105dark\u0119 internetow\u0105, aby nie pozwala\u0142a na zapisywanie plik\u00f3w cookie na Twoim komputerze. Mo\u017ce to ograniczy\u0107 funkcjonalno\u015b\u0107 strony, uniemo\u017cliwi\u0107 dost\u0119p do cz\u0119\u015bci strony przeznaczonych tylko dla subskrybent\u00f3w i spowodowa\u0107, \u017ce niekt\u00f3re funkcje lub tre\u015bci nie b\u0119d\u0105 dla Ciebie&nbsp;dost\u0119pne. Dalsze informacje o tym, jak zapobiec zapisywaniu plik\u00f3w cookie na komputerze u\u017cytkownika, mo\u017cna znale\u017a\u0107 na stronie http:\/\/www.allaboutcookies.org w sekcji &#8222;zarz\u0105dzanie plikami cookie&#8221;. Alternatywnie mo\u017cna przej\u015b\u0107 do menu pomocy w swojej przegl\u0105darce internetowej.<\/span><\/p>\n\n\n\n<p style=\"text-align: justify;\"><span style=\"color: #000000;\">Mo\u017cemy u\u017cywa\u0107 link\u00f3w zewn\u0119trznych (jak np. odno\u015bnik\u00f3w do serwisu YouTube.com), kt\u00f3re korzystaj\u0105 z pikseli b\u0105d\u017a przezroczystych plik\u00f3w GIF, aby pom\u00f3c w zarz\u0105dzaniu reklamami online. Te pliki GIF mog\u0105 by\u0107 dostarczane przez serwis nadrz\u0119dny, do kt\u00f3rego odsy\u0142amy w publikacjach (YouTube, DoubleClick, Atlas i podobne). Pliki te umo\u017cliwiaj\u0105 DoubleClick lub Atlas rozpoznanie unikalnego pliku cookie w przegl\u0105darce internetowej u\u017cytkownika, co z kolei pozwala serwisom na orientacj\u0119, kt\u00f3re reklamy wprowadzaj\u0105 u\u017cytkownik\u00f3w na nasz\u0105 stron\u0119 internetow\u0105. Dzi\u0119ki plikom cookie informacje zbierane przez Atlas i Doubleclick, r\u00f3wnie\u017c przy u\u017cyciu technologii Spotlight, s\u0105 anonimowe i nie umo\u017cliwiaj\u0105 identyfikacji u\u017cytkownika. Nie zawieraj\u0105 one Twojego imienia i nazwiska, adresu, numeru telefonu ani adresu e-mail. Wi\u0119cej informacji o DoubleClick, w tym informacje o tym, jak zrezygnowa\u0107 z tych technologii, mo\u017cna znale\u017a\u0107 na stronie http:\/\/www.doubleclick.net\/us\/corporate\/privacy. Wi\u0119cej informacji na temat Atlasu znajduje si\u0119 na stronie http:\/\/www.atlassolutions.com.<\/span><\/p>\n\n\n\n<h2 class=\"wp-block-heading\">Deklaracja Cookie<\/h2>\n\n\n","protected":false},"excerpt":{"rendered":"<p>Serwis www.as-i.pl traktuje powa\u017cnie prywatno\u015b\u0107 swoich u\u017cytkownik\u00f3w i odwiedzaj\u0105cych. Jeste\u015bmy zobowi\u0105zani do ochrony prywatno\u015bci naszych u\u017cytkownik\u00f3w przy jednoczesnym \u015bwiadczeniu spersonalizowanych i warto\u015bciowych us\u0142ug. Niniejsze o\u015bwiadczenie o Polityce Prywatno\u015bci wyja\u015bnia praktyki www.as-i.pl w zakresie przetwarzania danych. Je\u015bli masz jakiekolwiek pytania dotycz\u0105ce Twoich danych osobowych lub jakiekolwiek pytania w zwi\u0105zku z tymi praktykami, prosimy o kontakt. Nasza [&hellip;]<\/p>\n","protected":false},"author":1,"featured_media":0,"parent":0,"menu_order":0,"comment_status":"closed","ping_status":"closed","template":"","meta":{"footnotes":""},"class_list":["post-1088","page","type-page","status-publish","hentry"],"_links":{"self":[{"href":"https:\/\/www.as-i.pl\/index.php\/wp-json\/wp\/v2\/pages\/1088","targetHints":{"allow":["GET"]}}],"collection":[{"href":"https:\/\/www.as-i.pl\/index.php\/wp-json\/wp\/v2\/pages"}],"about":[{"href":"https:\/\/www.as-i.pl\/index.php\/wp-json\/wp\/v2\/types\/page"}],"author":[{"embeddable":true,"href":"https:\/\/www.as-i.pl\/index.php\/wp-json\/wp\/v2\/users\/1"}],"replies":[{"embeddable":true,"href":"https:\/\/www.as-i.pl\/index.php\/wp-json\/wp\/v2\/comments?post=1088"}],"version-history":[{"count":20,"href":"https:\/\/www.as-i.pl\/index.php\/wp-json\/wp\/v2\/pages\/1088\/revisions"}],"predecessor-version":[{"id":1143,"href":"https:\/\/www.as-i.pl\/index.php\/wp-json\/wp\/v2\/pages\/1088\/revisions\/1143"}],"wp:attachment":[{"href":"https:\/\/www.as-i.pl\/index.php\/wp-json\/wp\/v2\/media?parent=1088"}],"curies":[{"name":"wp","href":"https:\/\/api.w.org\/{rel}","templated":true}]}}