{"id":1107,"date":"2020-08-28T11:27:54","date_gmt":"2020-08-28T11:27:54","guid":{"rendered":"https:\/\/www.as-i.pl\/?page_id=1107"},"modified":"2020-08-28T11:38:33","modified_gmt":"2020-08-28T11:38:33","slug":"prawa-autorskie","status":"publish","type":"page","link":"https:\/\/www.as-i.pl\/index.php\/prawa-autorskie\/","title":{"rendered":"Prawa Autorskie"},"content":{"rendered":"\n<p style=\"text-align: justify;\"><span style=\"color: #000000;\">Niniejsza strona i jej zawarto\u015b\u0107 jest chroniona prawami autorskimi serwisu www.as-i.pl. Wszelkie prawa zastrze\u017cone.<\/span><\/p>\n<p style=\"text-align: justify;\"><span style=\"color: #000000;\">Jakakolwiek redystrybucja lub reprodukcja cz\u0119\u015bci lub ca\u0142o\u015bci tre\u015bci w jakiejkolwiek formie jest zabroniona poza poni\u017cszymi:<\/span><\/p>\n<ul style=\"text-align: justify;\">\n<li><strong><span style=\"color: #000000;\">dozwolone jest drukowanie lub pobieranie zawarto\u015bci na lokalny dysk twardy do osobistego i niekomercyjnego u\u017cytku.<\/span><\/strong><\/li>\n<li><strong><span style=\"color: #000000;\">dozwolone jest kopiowanie tre\u015bci do poszczeg\u00f3lnych os\u00f3b trzecich na ich w\u0142asny u\u017cytek, ale tylko wtedy, gdy pojawi si\u0119 adnotacja, \u017ce informacje pochodz\u0105 ze strony www.as-i.pl.\u00a0<\/span><\/strong><\/li>\n<\/ul>\n<p style=\"text-align: justify;\"><span style=\"color: #000000;\">U\u017cytkownik nie mo\u017ce, bez naszej wyra\u017anej, <strong>pisemnej zgody,<\/strong> rozpowszechnia\u0107 lub wykorzystywa\u0107 tre\u015bci w celach komercyjnych. Nie wolno r\u00f3wnie\u017c tre\u015bci przekazywa\u0107 ani przechowywa\u0107 na \u017cadnej innej stronie internetowej ani w innej formie elektronicznego systemu wyszukiwania informacji.<\/span><\/p>\n<p style=\"text-align: justify;\">\u00a0<\/p>\n","protected":false},"excerpt":{"rendered":"<p>Niniejsza strona i jej zawarto\u015b\u0107 jest chroniona prawami autorskimi serwisu www.as-i.pl. Wszelkie prawa zastrze\u017cone. Jakakolwiek redystrybucja lub reprodukcja cz\u0119\u015bci lub ca\u0142o\u015bci tre\u015bci w jakiejkolwiek formie jest zabroniona poza poni\u017cszymi: dozwolone jest drukowanie lub pobieranie zawarto\u015bci na lokalny dysk twardy do osobistego i niekomercyjnego u\u017cytku. dozwolone jest kopiowanie tre\u015bci do poszczeg\u00f3lnych os\u00f3b trzecich na ich w\u0142asny [&hellip;]<\/p>\n","protected":false},"author":1,"featured_media":0,"parent":0,"menu_order":0,"comment_status":"closed","ping_status":"closed","template":"","meta":{"footnotes":""},"class_list":["post-1107","page","type-page","status-publish","hentry"],"_links":{"self":[{"href":"https:\/\/www.as-i.pl\/index.php\/wp-json\/wp\/v2\/pages\/1107","targetHints":{"allow":["GET"]}}],"collection":[{"href":"https:\/\/www.as-i.pl\/index.php\/wp-json\/wp\/v2\/pages"}],"about":[{"href":"https:\/\/www.as-i.pl\/index.php\/wp-json\/wp\/v2\/types\/page"}],"author":[{"embeddable":true,"href":"https:\/\/www.as-i.pl\/index.php\/wp-json\/wp\/v2\/users\/1"}],"replies":[{"embeddable":true,"href":"https:\/\/www.as-i.pl\/index.php\/wp-json\/wp\/v2\/comments?post=1107"}],"version-history":[{"count":3,"href":"https:\/\/www.as-i.pl\/index.php\/wp-json\/wp\/v2\/pages\/1107\/revisions"}],"predecessor-version":[{"id":1115,"href":"https:\/\/www.as-i.pl\/index.php\/wp-json\/wp\/v2\/pages\/1107\/revisions\/1115"}],"wp:attachment":[{"href":"https:\/\/www.as-i.pl\/index.php\/wp-json\/wp\/v2\/media?parent=1107"}],"curies":[{"name":"wp","href":"https:\/\/api.w.org\/{rel}","templated":true}]}}