{"id":1178,"date":"2020-08-31T07:02:11","date_gmt":"2020-08-31T07:02:11","guid":{"rendered":"https:\/\/www.as-i.pl\/?page_id=1178"},"modified":"2022-07-15T14:38:34","modified_gmt":"2022-07-15T14:38:34","slug":"baza-wiedzy","status":"publish","type":"page","link":"https:\/\/www.as-i.pl\/index.php\/baza-wiedzy\/","title":{"rendered":"Technicznie"},"content":{"rendered":"<h2 style=\"text-align: center;\"><span style=\"color: #000000;\">Wprowadzenie<\/span><\/h2>\n\n\n<p style=\"text-align: justify;\"><span style=\"color: #000000;\"><img loading=\"lazy\" decoding=\"async\" class=\"wp-image-1493 alignleft\" src=\"https:\/\/www.as-i.pl\/wp-content\/uploads\/Baza\/Podstawy_1\/asik_2-242x300.png\" alt=\"\" width=\"158\" height=\"196\" srcset=\"https:\/\/www.as-i.pl\/wp-content\/uploads\/Baza\/Podstawy_1\/asik_2-242x300.png 242w, https:\/\/www.as-i.pl\/wp-content\/uploads\/Baza\/Podstawy_1\/asik_2-826x1024.png 826w, https:\/\/www.as-i.pl\/wp-content\/uploads\/Baza\/Podstawy_1\/asik_2-768x953.png 768w, https:\/\/www.as-i.pl\/wp-content\/uploads\/Baza\/Podstawy_1\/asik_2-1238x1536.png 1238w, https:\/\/www.as-i.pl\/wp-content\/uploads\/Baza\/Podstawy_1\/asik_2-1651x2048.png 1651w\" sizes=\"auto, (max-width: 158px) 100vw, 158px\" \/>W tym miejscu postanowi\u0142em umie\u015bci\u0107 cykl artyku\u0142\u00f3w stricte technicznych, kt\u00f3rych zadaniem jest przybli\u017cenie systemu AS-Interface, jego miejsca w \u015bwiecie automatyki przemys\u0142owej oraz zasad dzia\u0142ania. Pomimo do\u015b\u0107 d\u0142ugiej obecno\u015bci w rozwi\u0105zaniach system\u00f3w zautomatyzowanych, system ten jest w dalszym ci\u0105gu ma\u0142o znany i b\u0142\u0119dnie rozpatrywany jako co\u015b skomplikowanego (a tym samym niepotrzebnego). Artyku\u0142y, kt\u00f3re mo\u017cna znale\u017a\u0107 tutaj, s\u0105 publikowane kolejno, dlatego zalecane jest zapoznanie si\u0119 z ka\u017cdym z nich od pocz\u0105tku.<\/span><\/p>\n\n\n\n<p style=\"text-align: justify;\"><span style=\"color: #000000;\">W zakresie oferowanych us\u0142ug (wi\u0119cej <span style=\"color: #000080;\"><a style=\"color: #000080;\" href=\"https:\/\/www.as-i.pl\/index.php\/uslugi\/\">TUTAJ<\/a><\/span>) znajd\u0105 Pa\u0144stwo szkolenie dotycz\u0105ce interfejsu AS-Interface. Niniejszy cykl artyku\u0142\u00f3w stanowi dobre wprowadzenie, jak r\u00f3wnie\u017c pokrywa si\u0119 z zakresem szkolenia (przynajmniej w niekt\u00f3rych punktach). Zawiera on m.in. wprowadzenie do zagadnie\u0144 sieci przemys\u0142owych, podstawy fizyczne pracy interfejsu, opis transmisji danych i definicj\u0119 ramki danych AS-Interface, informacje na temat wszystkich niezb\u0119dnych urz\u0105dze\u0144, itd.&nbsp;<\/span><\/p>\n\n\n\n<p style=\"text-align: justify;\"><span style=\"color: #000000;\">Postaram si\u0119 r\u00f3wnie\u017c o przedstawienie wszyskich zalet tego rozwi\u0105zania, kt\u00f3re bezpo\u015brednio przek\u0142adaj\u0105 si\u0119 na korzy\u015bci dla u\u017cytkownika &#8211; zar\u00f3wno techniczne jak i ekonomiczne. Zapraszam do zapoznania si\u0119 z sekcj\u0105 artyku\u0142\u00f3w (<a href=\"https:\/\/www.as-i.pl\/index.php\/category\/artykuly\/\"><span style=\"color: #000080;\">TUTAJ<\/span><\/a>), kt\u00f3re poruszaj\u0105 przede wszystkim zagadnienia korzy\u015bci zastosowania AS-Interface, nierzadko w odniesieniu do innych mo\u017cliwych rozwi\u0105za\u0144 technicznych, jak r\u00f3wnie\u017c przedstawiaj\u0105 nowo\u015bci w zakresie ASi.&nbsp;<\/span><\/p>\n\n\n\n<p style=\"text-align: justify;\"><span style=\"color: #000000;\">Informacje o kolejnych artyku\u0142ach mog\u0105 by\u0107 dostarczane Pa\u0144stwu bezpo\u015brednio na skrzynk\u0119 pocztow\u0105. W tym celu prosz\u0119 skorzysta\u0107 z formularza &nbsp;<a href=\"https:\/\/www.as-i.pl\/index.php\/dane-kontaktowe\/\"><span style=\"color: #000080;\">KONTAKT<\/span><\/a>&nbsp;(lub szybkiego formularza po prawej stronie).<\/span><\/p>\n\n\n\n<hr class=\"wp-block-separator has-css-opacity is-style-dots\"\/>\n\n\n\n<table style=\"border-collapse: collapse; width: 100%; height: 222px;\">\n<tbody>\n<tr style=\"height: 82px;\">\n<td style=\"width: 100%; height: 82px;\" colspan=\"2\">\n<h2><span style=\"color: #800000;\">Lista artyku\u0142\u00f3w<\/span><\/h2>\n<\/td>\n<\/tr>\n<tr style=\"height: 31px;\">\n<td style=\"width: 70%; height: 31px;\">\n<p><strong><span style=\"color: #000000;\">1. Wprowadzenie &#8211; Podstawy system\u00f3w sieciowych<\/span><\/strong><\/p>\n<p><span style=\"color: #000000;\"><em>Wprowadzenie techniczne wyja\u015bniaj\u0105ce co to jest system sieciowy, jakie mamy systemy sieciowe i ich topologi\u0119, jak wygl\u0105da struktura przesy\u0142u danych, rodzaje magistrali przewodowych oraz wp\u0142yw zewn\u0119trznego \u015brodowiska na poprawno\u015b\u0107 pracy sieci przemys\u0142owej.<\/em><\/span><\/p>\n<\/td>\n<td style=\"width: 29.999999999999996%; height: 31px;\"><a href=\"https:\/\/www.as-i.pl\/index.php\/2020\/10\/30\/podstawy-czesc-1\/\"><img loading=\"lazy\" decoding=\"async\" class=\"size-full wp-image-2217 aligncenter\" src=\"https:\/\/www.as-i.pl\/wp-content\/uploads\/2022\/02\/button.png\" alt=\"\" width=\"100\" height=\"28\"><\/a><\/td>\n<\/tr>\n<tr style=\"height: 31px;\">\n<td style=\"width: 70%; height: 31px;\">\n<p><strong><span style=\"color: #000000;\">2. Wprowadzenie &#8211; Podstawy komunikacji w systemach sieciowych<\/span><\/strong><\/p>\n<p><span style=\"color: #000000;\"><em>Wprowadzenie techniczne opisuj\u0105ce przepustowo\u015b\u0107 danych netto,&nbsp;czasy op\u00f3\u017anie\u0144 i czasy reakcji, zdolno\u015b\u0107 do pracy w czasie rzeczywistym z zagadnieniem synchronizacji,&nbsp;poziomy utraty danych oraz b\u0142\u0119d\u00f3w resztkowych, jak r\u00f3wnie\u017c&nbsp;r\u00f3\u017cnorodno\u015b\u0107, modularno\u015b\u0107 i inne aspekty ekonomiczne sieci przemys\u0142owych.<\/em><\/span><\/p>\n<\/td>\n<td style=\"width: 29.999999999999996%; height: 31px;\"><a href=\"https:\/\/www.as-i.pl\/index.php\/2020\/10\/30\/podstawy-czesc-1-2\/\"><img loading=\"lazy\" decoding=\"async\" class=\"size-full wp-image-2217 aligncenter\" src=\"https:\/\/www.as-i.pl\/wp-content\/uploads\/2022\/02\/button.png\" alt=\"\" width=\"100\" height=\"28\"><\/a><\/td>\n<\/tr>\n<tr style=\"height: 26px;\">\n<td style=\"width: 70%; height: 26px;\">\n<p><span style=\"color: #000000;\"><strong>3. AS-Interface &#8211; Podstawy techniczne &#8211; cz\u0119\u015b\u0107 1<\/strong><\/span><\/p>\n<p><span style=\"color: #000000;\"><em>Pierwsza cz\u0119\u015b\u0107 podstaw fizycznych systemu AS-Interface, z opisem pierwszej warstwy fizycznej, a szczeg\u00f3lnie&nbsp;przewodu AS-Interface, zasilacza ASi oraz sposobu odprz\u0119gania danych (Data Decoupling)<\/em><\/span><\/p>\n<\/td>\n<td style=\"width: 29.999999999999996%; height: 26px; text-align: center;\"><a href=\"https:\/\/www.as-i.pl\/index.php\/2022\/02\/10\/podstawy-as-interface-czesc-1\/\"><img loading=\"lazy\" decoding=\"async\" class=\"aligncenter wp-image-2217 size-full\" src=\"https:\/\/www.as-i.pl\/wp-content\/uploads\/2022\/02\/button.png\" alt=\"\" width=\"100\" height=\"28\"><\/a><\/td>\n<\/tr>\n<tr style=\"height: 26px;\">\n<td style=\"width: 70%; height: 26px;\">\n<p><strong><span style=\"color: #000000;\">4. AS-Interface &#8211; Podstawy techniczne &#8211; cz\u0119\u015b\u0107 2<\/span><\/strong><\/p>\n<p><span style=\"color: #000000;\"><i>Opis procesu modulacji sygna\u0142u ASi (Warstwa Fizyczna) oraz dok\u0142adny opis&nbsp;Warstwy&nbsp;\u0141\u0105cz\u0105 Danych i Warstwy Aplikacyjnej.&nbsp;<\/i><\/span><\/p>\n<\/td>\n<td style=\"width: 29.999999999999996%; height: 26px; text-align: center;\"><a href=\"https:\/\/www.as-i.pl\/index.php\/2022\/03\/10\/podstawy-as-interface-czesc-2\/\"><img loading=\"lazy\" decoding=\"async\" class=\"alignnone size-full wp-image-2217\" src=\"https:\/\/www.as-i.pl\/wp-content\/uploads\/2022\/02\/button.png\" alt=\"\" width=\"100\" height=\"28\"><\/a><\/td>\n<\/tr>\n<tr style=\"height: 26px;\">\n<td style=\"width: 70%; height: 26px;\">\n<p><span style=\"color: #000000;\"><strong>5. AS-Interface &#8211; Podstawy techniczne &#8211; cz\u0119\u015b\u0107 3<\/strong><\/span><\/p>\n<p><span style=\"color: #000000;\"><em>Opis warstwy aplikacyjnej interfejsu z podaniem faz prac zar\u00f3wno Mastera jak i urz\u0105dze\u0144 podrz\u0119dnych. Cykl AS-Interface. Przybli\u017cenie zagadnienia transakcji kombinowanych (\u0142\u0105czonych) w odniesieniu do okre\u015blonych profili urz\u0105dze\u0144 podrz\u0119dnych. Automatyczne przypisywanie adres\u00f3w.&nbsp;<\/em><\/span><\/p>\n<\/td>\n<td style=\"width: 29.999999999999996%; height: 26px; text-align: center;\"><a href=\"https:\/\/www.as-i.pl\/index.php\/2022\/03\/23\/podstawy-as-interface-czesc-3\/\"><img loading=\"lazy\" decoding=\"async\" class=\"alignnone size-full wp-image-2217\" src=\"https:\/\/www.as-i.pl\/wp-content\/uploads\/2022\/02\/button.png\" alt=\"\" width=\"100\" height=\"28\"><\/a><\/td>\n<\/tr>\n<tr>\n<td style=\"width: 70%;\">&nbsp;<\/td>\n<td style=\"width: 29.999999999999996%;\">&nbsp;<\/td>\n<\/tr>\n<tr>\n<td style=\"width: 70%;\">&nbsp;<\/td>\n<td style=\"width: 29.999999999999996%;\">&nbsp;<\/td>\n<\/tr>\n<\/tbody>\n<\/table>\n\n\n\n<div class=\"wp-block-buttons is-horizontal is-content-justification-center is-layout-flex wp-container-core-buttons-is-layout-499968f5 wp-block-buttons-is-layout-flex\"><\/div>\n\n\n\n<div class=\"wp-block-buttons is-horizontal is-content-justification-center is-layout-flex wp-container-core-buttons-is-layout-499968f5 wp-block-buttons-is-layout-flex\"><\/div>\n\n\n\n<div style=\"height:20px\" aria-hidden=\"true\" class=\"wp-block-spacer\"><\/div>\n\n\n\n<hr class=\"wp-block-separator has-css-opacity is-style-dots\"\/>\n\n\n\n<table style=\"border-collapse: collapse; width: 100%; height: 196px;\">\n<tbody>\n<tr style=\"height: 82px;\">\n<td style=\"width: 100%; height: 82px;\" colspan=\"2\">\n<h2><span style=\"color: #800000;\">R\u00f3wnie\u017c warto sprawdzi\u0107<\/span><\/h2>\n<\/td>\n<\/tr>\n<tr style=\"height: 31px;\">\n<td style=\"width: 70%; height: 31px;\">\n<p><strong><span style=\"color: #000000;\">1. Co to jest AS-Interface<\/span><\/strong><\/p>\n<p><em>Kr\u00f3tki artyku\u0142 omawiaj\u0105cy podstawy systemu AS-Interface, jego najwa\u017cniejsze cechy, zalety oraz korzy\u015bci jakie niesie ze sob\u0105 zastosowanie tej technologii<\/em><\/p>\n<\/td>\n<td style=\"width: 29.999999999999996%; height: 31px;\"><a href=\"https:\/\/www.as-i.pl\/index.php\/2021\/03\/23\/co-to-jest-as-interface-2\/\"><img loading=\"lazy\" decoding=\"async\" class=\"size-full wp-image-2217 aligncenter\" src=\"https:\/\/www.as-i.pl\/wp-content\/uploads\/2022\/02\/button.png\" alt=\"\" width=\"100\" height=\"28\" \/><\/a><\/td>\n<\/tr>\n<tr style=\"height: 31px;\">\n<td style=\"width: 70%; height: 31px;\">\u00a0<\/td>\n<td style=\"width: 29.999999999999996%; height: 31px;\">\u00a0<\/td>\n<\/tr>\n<tr style=\"height: 26px;\">\n<td style=\"width: 70%; height: 26px;\">\u00a0<\/td>\n<td style=\"width: 29.999999999999996%; height: 26px; text-align: center;\">\u00a0<\/td>\n<\/tr>\n<tr style=\"height: 26px;\">\n<td style=\"width: 70%; height: 26px;\">\u00a0<\/td>\n<td style=\"width: 29.999999999999996%; height: 26px;\">\u00a0<\/td>\n<\/tr>\n<\/tbody>\n<\/table>\n\n\n\n<div style=\"height:50px\" aria-hidden=\"true\" class=\"wp-block-spacer\"><\/div>\n","protected":false},"excerpt":{"rendered":"<p>Wprowadzenie W tym miejscu postanowi\u0142em umie\u015bci\u0107 cykl artyku\u0142\u00f3w stricte technicznych, kt\u00f3rych zadaniem jest przybli\u017cenie systemu AS-Interface, jego miejsca w \u015bwiecie automatyki przemys\u0142owej oraz zasad dzia\u0142ania. Pomimo do\u015b\u0107 d\u0142ugiej obecno\u015bci w rozwi\u0105zaniach system\u00f3w zautomatyzowanych, system ten jest w dalszym ci\u0105gu ma\u0142o znany i b\u0142\u0119dnie rozpatrywany jako co\u015b skomplikowanego (a tym samym niepotrzebnego). Artyku\u0142y, kt\u00f3re mo\u017cna znale\u017a\u0107 [&hellip;]<\/p>\n","protected":false},"author":1,"featured_media":0,"parent":0,"menu_order":0,"comment_status":"closed","ping_status":"closed","template":"","meta":{"footnotes":""},"class_list":["post-1178","page","type-page","status-publish","hentry"],"_links":{"self":[{"href":"https:\/\/www.as-i.pl\/index.php\/wp-json\/wp\/v2\/pages\/1178","targetHints":{"allow":["GET"]}}],"collection":[{"href":"https:\/\/www.as-i.pl\/index.php\/wp-json\/wp\/v2\/pages"}],"about":[{"href":"https:\/\/www.as-i.pl\/index.php\/wp-json\/wp\/v2\/types\/page"}],"author":[{"embeddable":true,"href":"https:\/\/www.as-i.pl\/index.php\/wp-json\/wp\/v2\/users\/1"}],"replies":[{"embeddable":true,"href":"https:\/\/www.as-i.pl\/index.php\/wp-json\/wp\/v2\/comments?post=1178"}],"version-history":[{"count":40,"href":"https:\/\/www.as-i.pl\/index.php\/wp-json\/wp\/v2\/pages\/1178\/revisions"}],"predecessor-version":[{"id":2607,"href":"https:\/\/www.as-i.pl\/index.php\/wp-json\/wp\/v2\/pages\/1178\/revisions\/2607"}],"wp:attachment":[{"href":"https:\/\/www.as-i.pl\/index.php\/wp-json\/wp\/v2\/media?parent=1178"}],"curies":[{"name":"wp","href":"https:\/\/api.w.org\/{rel}","templated":true}]}}